{"id":1767,"date":"2022-04-08T16:55:36","date_gmt":"2022-04-08T14:55:36","guid":{"rendered":"https:\/\/www.claudiamoebius.de\/musical-variete\/"},"modified":"2024-11-15T13:35:50","modified_gmt":"2024-11-15T12:35:50","slug":"musical-variete","status":"publish","type":"page","link":"https:\/\/www.claudiamoebius.de\/en\/musical-variete\/","title":{"rendered":"Musical\/Variete"},"content":{"rendered":"\t\t<div data-elementor-type=\"wp-page\" data-elementor-id=\"1767\" class=\"elementor elementor-1767 elementor-1002\" data-elementor-post-type=\"page\">\n\t\t\t\t\t\t<section class=\"elementor-section elementor-top-section elementor-element elementor-element-6730cad0 elementor-section-height-min-height elementor-section-boxed elementor-section-height-default elementor-section-items-middle\" data-id=\"6730cad0\" data-element_type=\"section\" data-e-type=\"section\">\n\t\t\t\t\t\t<div class=\"elementor-container elementor-column-gap-default\">\n\t\t\t\t\t<div class=\"elementor-column elementor-col-100 elementor-top-column elementor-element elementor-element-24b51d14\" data-id=\"24b51d14\" data-element_type=\"column\" data-e-type=\"column\">\n\t\t\t<div class=\"elementor-widget-wrap\">\n\t\t\t\t\t\t\t<\/div>\n\t\t<\/div>\n\t\t\t\t\t<\/div>\n\t\t<\/section>\n\t\t\t\t<section class=\"elementor-section elementor-top-section elementor-element elementor-element-378c4a6 elementor-section-full_width elementor-section-height-default elementor-section-height-default\" data-id=\"378c4a6\" data-element_type=\"section\" data-e-type=\"section\">\n\t\t\t\t\t\t<div class=\"elementor-container elementor-column-gap-default\">\n\t\t\t\t\t<div class=\"elementor-column elementor-col-100 elementor-top-column elementor-element elementor-element-36e2f6f9\" data-id=\"36e2f6f9\" data-element_type=\"column\" data-e-type=\"column\" data-settings=\"{&quot;background_background&quot;:&quot;classic&quot;}\">\n\t\t\t<div class=\"elementor-widget-wrap elementor-element-populated\">\n\t\t\t\t\t\t<div class=\"elementor-element elementor-element-527cbd6c elementor-widget elementor-widget-heading\" data-id=\"527cbd6c\" data-element_type=\"widget\" data-e-type=\"widget\" data-widget_type=\"heading.default\">\n\t\t\t\t<div class=\"elementor-widget-container\">\n\t\t\t\t\t<h1 class=\"elementor-heading-title elementor-size-default\">Musical\/Variete<\/h1>\t\t\t\t<\/div>\n\t\t\t\t<\/div>\n\t\t\t\t<div class=\"elementor-element elementor-element-1a82a0b elementor-arrows-position-outside elementor-widget elementor-widget-image-carousel\" data-id=\"1a82a0b\" data-element_type=\"widget\" data-e-type=\"widget\" data-settings=\"{&quot;slides_to_show&quot;:&quot;4&quot;,&quot;slides_to_scroll&quot;:&quot;2&quot;,&quot;navigation&quot;:&quot;arrows&quot;,&quot;autoplay&quot;:&quot;yes&quot;,&quot;pause_on_hover&quot;:&quot;yes&quot;,&quot;pause_on_interaction&quot;:&quot;yes&quot;,&quot;autoplay_speed&quot;:5000,&quot;infinite&quot;:&quot;yes&quot;,&quot;speed&quot;:500,&quot;image_spacing_custom&quot;:{&quot;unit&quot;:&quot;px&quot;,&quot;size&quot;:20,&quot;sizes&quot;:[]},&quot;image_spacing_custom_tablet&quot;:{&quot;unit&quot;:&quot;px&quot;,&quot;size&quot;:&quot;&quot;,&quot;sizes&quot;:[]},&quot;image_spacing_custom_mobile&quot;:{&quot;unit&quot;:&quot;px&quot;,&quot;size&quot;:&quot;&quot;,&quot;sizes&quot;:[]}}\" data-widget_type=\"image-carousel.default\">\n\t\t\t\t<div class=\"elementor-widget-container\">\n\t\t\t\t\t\t\t<div class=\"elementor-image-carousel-wrapper swiper\" role=\"region\" aria-roledescription=\"carousel\" aria-label=\"Image Carousel\" dir=\"ltr\">\n\t\t\t<div class=\"elementor-image-carousel swiper-wrapper swiper-image-stretch\" aria-live=\"off\">\n\t\t\t\t\t\t\t\t<div class=\"swiper-slide\" role=\"group\" aria-roledescription=\"slide\" aria-label=\"1 of 12\"><a data-elementor-open-lightbox=\"yes\" data-elementor-lightbox-slideshow=\"1a82a0b\" data-elementor-lightbox-title=\"&quot;Sugar-some like it hot&quot; a Musical by Jules Styne\" data-e-action-hash=\"#elementor-action%3Aaction%3Dlightbox%26settings%3DeyJpZCI6MjUwNCwidXJsIjoiaHR0cHM6XC9cL3d3dy5jbGF1ZGlhbW9lYml1cy5kZVwvd3AtY29udGVudFwvdXBsb2Fkc1wvXHVmMDIwU3VnYXItc29tZS1saWtlLWl0LWhvdFx1ZjAyMC1hLU11c2ljYWwtYnktSnVsZXMtU3R5bmUtc2NhbGVkLmpwZyIsInNsaWRlc2hvdyI6IjFhODJhMGIifQ%3D%3D\" href=\"https:\/\/www.claudiamoebius.de\/wp-content\/uploads\/\uf020Sugar-some-like-it-hot\uf020-a-Musical-by-Jules-Styne-scaled.jpg\"><figure class=\"swiper-slide-inner\"><img decoding=\"async\" class=\"swiper-slide-image\" src=\"https:\/\/www.claudiamoebius.de\/wp-content\/uploads\/\uf020Sugar-some-like-it-hot\uf020-a-Musical-by-Jules-Styne-768x865.jpg\" alt=\"&quot;Sugar-some like it hot&quot; a Musical by Jules Styne\" \/><figcaption class=\"elementor-image-carousel-caption\">\"Sugar-some like it hot\" a Musical by Jules Styne<\/figcaption><\/figure><\/a><\/div><div class=\"swiper-slide\" role=\"group\" aria-roledescription=\"slide\" aria-label=\"2 of 12\"><a data-elementor-open-lightbox=\"yes\" data-elementor-lightbox-slideshow=\"1a82a0b\" data-elementor-lightbox-title=\"&quot;Sugar-some like it hot&quot; the Musical by Jules Styne at Thetre L\u00fcneburg\" data-e-action-hash=\"#elementor-action%3Aaction%3Dlightbox%26settings%3DeyJpZCI6MjUwOCwidXJsIjoiaHR0cHM6XC9cL3d3dy5jbGF1ZGlhbW9lYml1cy5kZVwvd3AtY29udGVudFwvdXBsb2Fkc1wvXHVmMDIwU3VnYXItc29tZS1saWtlLWl0LWhvdFx1ZjAyMC10aGUtTXVzaWNhbC1ieS1KdWxlcy1TdHluZS1hdC1UaGV0cmUtTHVlbmVidXJnLmpwZyIsInNsaWRlc2hvdyI6IjFhODJhMGIifQ%3D%3D\" href=\"https:\/\/www.claudiamoebius.de\/wp-content\/uploads\/\uf020Sugar-some-like-it-hot\uf020-the-Musical-by-Jules-Styne-at-Thetre-Lueneburg.jpg\"><figure class=\"swiper-slide-inner\"><img decoding=\"async\" class=\"swiper-slide-image\" src=\"https:\/\/www.claudiamoebius.de\/wp-content\/uploads\/\uf020Sugar-some-like-it-hot\uf020-the-Musical-by-Jules-Styne-at-Thetre-Lueneburg-768x612.jpg\" alt=\"&quot;Sugar-some like it hot&quot; the Musical by Jules Styne at Thetre L\u00fcneburg\" \/><figcaption class=\"elementor-image-carousel-caption\">\"Sugar-some like it hot\" the Musical by Jules Styne at Thetre L\u00fcneburg<\/figcaption><\/figure><\/a><\/div><div class=\"swiper-slide\" role=\"group\" aria-roledescription=\"slide\" aria-label=\"3 of 12\"><a data-elementor-open-lightbox=\"yes\" data-elementor-lightbox-slideshow=\"1a82a0b\" data-elementor-lightbox-title=\"&quot;Sugar-some like it hot&quot; at Theatre L\u00fcneburg\" data-e-action-hash=\"#elementor-action%3Aaction%3Dlightbox%26settings%3DeyJpZCI6MjUwNiwidXJsIjoiaHR0cHM6XC9cL3d3dy5jbGF1ZGlhbW9lYml1cy5kZVwvd3AtY29udGVudFwvdXBsb2Fkc1wvXHVmMDIwU3VnYXItc29tZS1saWtlLWl0LWhvdFx1ZjAyMC1hdC1UaGVhdHJlLUx1ZW5lYnVyZy5qcGciLCJzbGlkZXNob3ciOiIxYTgyYTBiIn0%3D\" href=\"https:\/\/www.claudiamoebius.de\/wp-content\/uploads\/\uf020Sugar-some-like-it-hot\uf020-at-Theatre-Lueneburg.jpg\"><figure class=\"swiper-slide-inner\"><img decoding=\"async\" class=\"swiper-slide-image\" src=\"https:\/\/www.claudiamoebius.de\/wp-content\/uploads\/\uf020Sugar-some-like-it-hot\uf020-at-Theatre-Lueneburg-768x596.jpg\" alt=\"&quot;Sugar-some like it hot&quot; at Theatre L\u00fcneburg\" \/><figcaption class=\"elementor-image-carousel-caption\">\"Sugar-some like it hot\" at Theatre L\u00fcneburg<\/figcaption><\/figure><\/a><\/div><div class=\"swiper-slide\" role=\"group\" aria-roledescription=\"slide\" aria-label=\"4 of 12\"><a data-elementor-open-lightbox=\"yes\" data-elementor-lightbox-slideshow=\"1a82a0b\" data-elementor-lightbox-title=\"variete-cabaret-1\" data-e-action-hash=\"#elementor-action%3Aaction%3Dlightbox%26settings%3DeyJpZCI6MTYzNywidXJsIjoiaHR0cHM6XC9cL3d3dy5jbGF1ZGlhbW9lYml1cy5kZVwvd3AtY29udGVudFwvdXBsb2Fkc1wvdmFyaWV0ZS1jYWJhcmV0LTEuanBnIiwic2xpZGVzaG93IjoiMWE4MmEwYiJ9\" href=\"https:\/\/www.claudiamoebius.de\/wp-content\/uploads\/variete-cabaret-1.jpg\"><figure class=\"swiper-slide-inner\"><img decoding=\"async\" class=\"swiper-slide-image\" src=\"https:\/\/www.claudiamoebius.de\/wp-content\/uploads\/variete-cabaret-1.jpg\" alt=\"Musical &quot;Victor und Victoria&quot; , meine geliebten 30iger Jahre, viel\" \/><figcaption class=\"elementor-image-carousel-caption\">variete-cabaret-1<\/figcaption><\/figure><\/a><\/div><div class=\"swiper-slide\" role=\"group\" aria-roledescription=\"slide\" aria-label=\"5 of 12\"><a data-elementor-open-lightbox=\"yes\" data-elementor-lightbox-slideshow=\"1a82a0b\" data-elementor-lightbox-title=\"variete-cabaret\" data-e-action-hash=\"#elementor-action%3Aaction%3Dlightbox%26settings%3DeyJpZCI6MTYzOCwidXJsIjoiaHR0cHM6XC9cL3d3dy5jbGF1ZGlhbW9lYml1cy5kZVwvd3AtY29udGVudFwvdXBsb2Fkc1wvdmFyaWV0ZS1jYWJhcmV0LmpwZyIsInNsaWRlc2hvdyI6IjFhODJhMGIifQ%3D%3D\" href=\"https:\/\/www.claudiamoebius.de\/wp-content\/uploads\/variete-cabaret.jpg\"><figure class=\"swiper-slide-inner\"><img decoding=\"async\" class=\"swiper-slide-image\" src=\"https:\/\/www.claudiamoebius.de\/wp-content\/uploads\/variete-cabaret.jpg\" alt=\"Musical &quot;Victor und Victoria&quot; , plenty of rhinestones, fringes, squins...!\" \/><figcaption class=\"elementor-image-carousel-caption\">variete-cabaret<\/figcaption><\/figure><\/a><\/div><div class=\"swiper-slide\" role=\"group\" aria-roledescription=\"slide\" aria-label=\"6 of 12\"><a data-elementor-open-lightbox=\"yes\" data-elementor-lightbox-slideshow=\"1a82a0b\" data-elementor-lightbox-title=\"variete-collinsbrothers\" data-e-action-hash=\"#elementor-action%3Aaction%3Dlightbox%26settings%3DeyJpZCI6MTYzOSwidXJsIjoiaHR0cHM6XC9cL3d3dy5jbGF1ZGlhbW9lYml1cy5kZVwvd3AtY29udGVudFwvdXBsb2Fkc1wvdmFyaWV0ZS1jb2xsaW5zYnJvdGhlcnMuanBnIiwic2xpZGVzaG93IjoiMWE4MmEwYiJ9\" href=\"https:\/\/www.claudiamoebius.de\/wp-content\/uploads\/variete-collinsbrothers.jpg\"><figure class=\"swiper-slide-inner\"><img decoding=\"async\" class=\"swiper-slide-image\" src=\"https:\/\/www.claudiamoebius.de\/wp-content\/uploads\/variete-collinsbrothers.jpg\" alt=\"COLLINS BROTHRERS, Trapezartistik\" \/><figcaption class=\"elementor-image-carousel-caption\">variete-collinsbrothers<\/figcaption><\/figure><\/a><\/div><div class=\"swiper-slide\" role=\"group\" aria-roledescription=\"slide\" aria-label=\"7 of 12\"><a data-elementor-open-lightbox=\"yes\" data-elementor-lightbox-slideshow=\"1a82a0b\" data-elementor-lightbox-title=\"variete-gauchotanz-1\" data-e-action-hash=\"#elementor-action%3Aaction%3Dlightbox%26settings%3DeyJpZCI6MTY0MCwidXJsIjoiaHR0cHM6XC9cL3d3dy5jbGF1ZGlhbW9lYml1cy5kZVwvd3AtY29udGVudFwvdXBsb2Fkc1wvdmFyaWV0ZS1nYXVjaG90YW56LTEuanBnIiwic2xpZGVzaG93IjoiMWE4MmEwYiJ9\" href=\"https:\/\/www.claudiamoebius.de\/wp-content\/uploads\/variete-gauchotanz-1.jpg\"><figure class=\"swiper-slide-inner\"><img decoding=\"async\" class=\"swiper-slide-image\" src=\"https:\/\/www.claudiamoebius.de\/wp-content\/uploads\/variete-gauchotanz-1.jpg\" alt=\"Gauchotanz, &quot;Orfeo&quot;\" \/><figcaption class=\"elementor-image-carousel-caption\">variete-gauchotanz-1<\/figcaption><\/figure><\/a><\/div><div class=\"swiper-slide\" role=\"group\" aria-roledescription=\"slide\" aria-label=\"8 of 12\"><a data-elementor-open-lightbox=\"yes\" data-elementor-lightbox-slideshow=\"1a82a0b\" data-elementor-lightbox-title=\"variete-gauchotanz-2\" data-e-action-hash=\"#elementor-action%3Aaction%3Dlightbox%26settings%3DeyJpZCI6MTY0MSwidXJsIjoiaHR0cHM6XC9cL3d3dy5jbGF1ZGlhbW9lYml1cy5kZVwvd3AtY29udGVudFwvdXBsb2Fkc1wvdmFyaWV0ZS1nYXVjaG90YW56LTIuanBnIiwic2xpZGVzaG93IjoiMWE4MmEwYiJ9\" href=\"https:\/\/www.claudiamoebius.de\/wp-content\/uploads\/variete-gauchotanz-2.jpg\"><figure class=\"swiper-slide-inner\"><img decoding=\"async\" class=\"swiper-slide-image\" src=\"https:\/\/www.claudiamoebius.de\/wp-content\/uploads\/variete-gauchotanz-2.jpg\" alt=\"Gauchotanz, &quot;Orfeo&quot;\" \/><figcaption class=\"elementor-image-carousel-caption\">variete-gauchotanz-2<\/figcaption><\/figure><\/a><\/div><div class=\"swiper-slide\" role=\"group\" aria-roledescription=\"slide\" aria-label=\"9 of 12\"><a data-elementor-open-lightbox=\"yes\" data-elementor-lightbox-slideshow=\"1a82a0b\" data-elementor-lightbox-title=\"variete-adrian-becker\" data-e-action-hash=\"#elementor-action%3Aaction%3Dlightbox%26settings%3DeyJpZCI6MTYzNiwidXJsIjoiaHR0cHM6XC9cL3d3dy5jbGF1ZGlhbW9lYml1cy5kZVwvd3AtY29udGVudFwvdXBsb2Fkc1wvdmFyaWV0ZS1hZHJpYW4tYmVja2VyLmpwZyIsInNsaWRlc2hvdyI6IjFhODJhMGIifQ%3D%3D\" href=\"https:\/\/www.claudiamoebius.de\/wp-content\/uploads\/variete-adrian-becker.jpg\"><figure class=\"swiper-slide-inner\"><img decoding=\"async\" class=\"swiper-slide-image\" src=\"https:\/\/www.claudiamoebius.de\/wp-content\/uploads\/variete-adrian-becker.jpg\" alt=\"ADRIAN BECKER, a rhinestonecowboy !\" \/><figcaption class=\"elementor-image-carousel-caption\">variete-adrian-becker<\/figcaption><\/figure><\/a><\/div><div class=\"swiper-slide\" role=\"group\" aria-roledescription=\"slide\" aria-label=\"10 of 12\"><a data-elementor-open-lightbox=\"yes\" data-elementor-lightbox-slideshow=\"1a82a0b\" data-elementor-lightbox-title=\"variete-adrian-becker-1\" data-e-action-hash=\"#elementor-action%3Aaction%3Dlightbox%26settings%3DeyJpZCI6MTYzNSwidXJsIjoiaHR0cHM6XC9cL3d3dy5jbGF1ZGlhbW9lYml1cy5kZVwvd3AtY29udGVudFwvdXBsb2Fkc1wvdmFyaWV0ZS1hZHJpYW4tYmVja2VyLTEuanBnIiwic2xpZGVzaG93IjoiMWE4MmEwYiJ9\" href=\"https:\/\/www.claudiamoebius.de\/wp-content\/uploads\/variete-adrian-becker-1.jpg\"><figure class=\"swiper-slide-inner\"><img decoding=\"async\" class=\"swiper-slide-image\" src=\"https:\/\/www.claudiamoebius.de\/wp-content\/uploads\/variete-adrian-becker-1.jpg\" alt=\"ADRIAN BCKER, Arbeit mit Federn, Corsagen, kost\u00fcmhistorisierend\" \/><figcaption class=\"elementor-image-carousel-caption\">variete-adrian-becker-1<\/figcaption><\/figure><\/a><\/div><div class=\"swiper-slide\" role=\"group\" aria-roledescription=\"slide\" aria-label=\"11 of 12\"><a data-elementor-open-lightbox=\"yes\" data-elementor-lightbox-slideshow=\"1a82a0b\" data-elementor-lightbox-title=\"variete-marseille\" data-e-action-hash=\"#elementor-action%3Aaction%3Dlightbox%26settings%3DeyJpZCI6MTY0MiwidXJsIjoiaHR0cHM6XC9cL3d3dy5jbGF1ZGlhbW9lYml1cy5kZVwvd3AtY29udGVudFwvdXBsb2Fkc1wvdmFyaWV0ZS1tYXJzZWlsbGUuanBnIiwic2xpZGVzaG93IjoiMWE4MmEwYiJ9\" href=\"https:\/\/www.claudiamoebius.de\/wp-content\/uploads\/variete-marseille.jpg\"><figure class=\"swiper-slide-inner\"><img decoding=\"async\" class=\"swiper-slide-image\" src=\"https:\/\/www.claudiamoebius.de\/wp-content\/uploads\/variete-marseille.jpg\" alt=\"M\u00d6BIUS KOST\u00dcM f\u00fcr &quot;La Massallia&quot;, 2600-Jahresfeier Marseille , un Marin\" \/><figcaption class=\"elementor-image-carousel-caption\">variete-marseille<\/figcaption><\/figure><\/a><\/div><div class=\"swiper-slide\" role=\"group\" aria-roledescription=\"slide\" aria-label=\"12 of 12\"><a data-elementor-open-lightbox=\"yes\" data-elementor-lightbox-slideshow=\"1a82a0b\" data-elementor-lightbox-title=\"a &quot;CHER&quot;-Interpretation\" data-e-action-hash=\"#elementor-action%3Aaction%3Dlightbox%26settings%3DeyJpZCI6MjUwMiwidXJsIjoiaHR0cHM6XC9cL3d3dy5jbGF1ZGlhbW9lYml1cy5kZVwvd3AtY29udGVudFwvdXBsb2Fkc1wvYS1yaGluZXN0b25lcXVlZW4tc2NhbGVkLmpwZyIsInNsaWRlc2hvdyI6IjFhODJhMGIifQ%3D%3D\" href=\"https:\/\/www.claudiamoebius.de\/wp-content\/uploads\/a-rhinestonequeen-scaled.jpg\"><figure class=\"swiper-slide-inner\"><img decoding=\"async\" class=\"swiper-slide-image\" src=\"https:\/\/www.claudiamoebius.de\/wp-content\/uploads\/a-rhinestonequeen-768x1476.jpg\" alt=\"a &quot;CHER&quot;-Interpretation\" \/><figcaption class=\"elementor-image-carousel-caption\">a \"CHER\"-Interpretation<\/figcaption><\/figure><\/a><\/div>\t\t\t<\/div>\n\t\t\t\t\t\t\t\t\t\t\t\t<div class=\"elementor-swiper-button elementor-swiper-button-prev\" role=\"button\" tabindex=\"0\">\n\t\t\t\t\t\t<i aria-hidden=\"true\" class=\"eicon-chevron-left\"><\/i>\t\t\t\t\t<\/div>\n\t\t\t\t\t<div class=\"elementor-swiper-button elementor-swiper-button-next\" role=\"button\" tabindex=\"0\">\n\t\t\t\t\t\t<i aria-hidden=\"true\" class=\"eicon-chevron-right\"><\/i>\t\t\t\t\t<\/div>\n\t\t\t\t\n\t\t\t\t\t\t\t\t\t<\/div>\n\t\t\t\t\t\t<\/div>\n\t\t\t\t<\/div>\n\t\t\t\t\t<\/div>\n\t\t<\/div>\n\t\t\t\t\t<\/div>\n\t\t<\/section>\n\t\t\t\t<\/div>\n\t\t","protected":false},"excerpt":{"rendered":"<p>&#8220;Sugar-some like it hot&#8221; a Musical by Jules Styne &#8220;Sugar-some like it hot&#8221; the Musical by Jules Styne at Thetre L\u00fcneburg &#8220;Sugar-some like it hot&#8221; at Theatre L\u00fcneburg variete-cabaret-1 variete-cabaret variete-collinsbrothers variete-gauchotanz-1 variete-gauchotanz-2 variete-adrian-becker variete-adrian-becker-1 variete-marseille a &#8220;CHER&#8221;-Interpretation<\/p>\n","protected":false},"author":1,"featured_media":0,"parent":0,"menu_order":0,"comment_status":"closed","ping_status":"closed","template":"elementor_header_footer","meta":{"footnotes":""},"class_list":["post-1767","page","type-page","status-publish","hentry"],"_links":{"self":[{"href":"https:\/\/www.claudiamoebius.de\/en\/wp-json\/wp\/v2\/pages\/1767","targetHints":{"allow":["GET"]}}],"collection":[{"href":"https:\/\/www.claudiamoebius.de\/en\/wp-json\/wp\/v2\/pages"}],"about":[{"href":"https:\/\/www.claudiamoebius.de\/en\/wp-json\/wp\/v2\/types\/page"}],"author":[{"embeddable":true,"href":"https:\/\/www.claudiamoebius.de\/en\/wp-json\/wp\/v2\/users\/1"}],"replies":[{"embeddable":true,"href":"https:\/\/www.claudiamoebius.de\/en\/wp-json\/wp\/v2\/comments?post=1767"}],"version-history":[{"count":20,"href":"https:\/\/www.claudiamoebius.de\/en\/wp-json\/wp\/v2\/pages\/1767\/revisions"}],"predecessor-version":[{"id":3154,"href":"https:\/\/www.claudiamoebius.de\/en\/wp-json\/wp\/v2\/pages\/1767\/revisions\/3154"}],"wp:attachment":[{"href":"https:\/\/www.claudiamoebius.de\/en\/wp-json\/wp\/v2\/media?parent=1767"}],"curies":[{"name":"wp","href":"https:\/\/api.w.org\/{rel}","templated":true}]}}