{"id":2162,"date":"2022-04-08T22:56:32","date_gmt":"2022-04-08T20:56:32","guid":{"rendered":"https:\/\/www.claudiamoebius.de\/acting\/"},"modified":"2022-09-08T08:14:44","modified_gmt":"2022-09-08T06:14:44","slug":"drama","status":"publish","type":"page","link":"https:\/\/www.claudiamoebius.de\/en\/drama\/","title":{"rendered":"Drama"},"content":{"rendered":"\t\t<div data-elementor-type=\"wp-page\" data-elementor-id=\"2162\" class=\"elementor elementor-2162 elementor-1089\" data-elementor-post-type=\"page\">\n\t\t\t\t\t\t<section class=\"elementor-section elementor-top-section elementor-element elementor-element-6730cad0 elementor-section-height-min-height elementor-section-boxed elementor-section-height-default elementor-section-items-middle\" data-id=\"6730cad0\" data-element_type=\"section\" data-e-type=\"section\">\n\t\t\t\t\t\t<div class=\"elementor-container elementor-column-gap-default\">\n\t\t\t\t\t<div class=\"elementor-column elementor-col-100 elementor-top-column elementor-element elementor-element-24b51d14\" data-id=\"24b51d14\" data-element_type=\"column\" data-e-type=\"column\">\n\t\t\t<div class=\"elementor-widget-wrap\">\n\t\t\t\t\t\t\t<\/div>\n\t\t<\/div>\n\t\t\t\t\t<\/div>\n\t\t<\/section>\n\t\t\t\t<section class=\"elementor-section elementor-top-section elementor-element elementor-element-378c4a6 elementor-section-full_width elementor-section-height-default elementor-section-height-default\" data-id=\"378c4a6\" data-element_type=\"section\" data-e-type=\"section\">\n\t\t\t\t\t\t<div class=\"elementor-container elementor-column-gap-default\">\n\t\t\t\t\t<div class=\"elementor-column elementor-col-100 elementor-top-column elementor-element elementor-element-36e2f6f9\" data-id=\"36e2f6f9\" data-element_type=\"column\" data-e-type=\"column\" data-settings=\"{&quot;background_background&quot;:&quot;classic&quot;}\">\n\t\t\t<div class=\"elementor-widget-wrap elementor-element-populated\">\n\t\t\t\t\t\t<div class=\"elementor-element elementor-element-527cbd6c elementor-widget elementor-widget-heading\" data-id=\"527cbd6c\" data-element_type=\"widget\" data-e-type=\"widget\" data-widget_type=\"heading.default\">\n\t\t\t\t<div class=\"elementor-widget-container\">\n\t\t\t\t\t<h1 class=\"elementor-heading-title elementor-size-default\">Drama<\/h1>\t\t\t\t<\/div>\n\t\t\t\t<\/div>\n\t\t\t\t<section class=\"elementor-section elementor-inner-section elementor-element elementor-element-39ef830e elementor-section-boxed elementor-section-height-default elementor-section-height-default\" data-id=\"39ef830e\" data-element_type=\"section\" data-e-type=\"section\">\n\t\t\t\t\t\t<div class=\"elementor-container elementor-column-gap-default\">\n\t\t\t\t\t<div class=\"elementor-column elementor-col-100 elementor-inner-column elementor-element elementor-element-1174b517\" data-id=\"1174b517\" data-element_type=\"column\" data-e-type=\"column\">\n\t\t\t<div class=\"elementor-widget-wrap elementor-element-populated\">\n\t\t\t\t\t\t<div class=\"elementor-element elementor-element-f18ae6d elementor-arrows-position-outside elementor-widget elementor-widget-image-carousel\" data-id=\"f18ae6d\" data-element_type=\"widget\" data-e-type=\"widget\" data-settings=\"{&quot;slides_to_show&quot;:&quot;4&quot;,&quot;slides_to_scroll&quot;:&quot;2&quot;,&quot;navigation&quot;:&quot;arrows&quot;,&quot;autoplay&quot;:&quot;yes&quot;,&quot;pause_on_hover&quot;:&quot;yes&quot;,&quot;pause_on_interaction&quot;:&quot;yes&quot;,&quot;autoplay_speed&quot;:5000,&quot;infinite&quot;:&quot;yes&quot;,&quot;speed&quot;:500,&quot;image_spacing_custom&quot;:{&quot;unit&quot;:&quot;px&quot;,&quot;size&quot;:20,&quot;sizes&quot;:[]},&quot;image_spacing_custom_tablet&quot;:{&quot;unit&quot;:&quot;px&quot;,&quot;size&quot;:&quot;&quot;,&quot;sizes&quot;:[]},&quot;image_spacing_custom_mobile&quot;:{&quot;unit&quot;:&quot;px&quot;,&quot;size&quot;:&quot;&quot;,&quot;sizes&quot;:[]}}\" data-widget_type=\"image-carousel.default\">\n\t\t\t\t<div class=\"elementor-widget-container\">\n\t\t\t\t\t\t\t<div class=\"elementor-image-carousel-wrapper swiper\" role=\"region\" aria-roledescription=\"carousel\" aria-label=\"Image Carousel\" dir=\"ltr\">\n\t\t\t<div class=\"elementor-image-carousel swiper-wrapper swiper-image-stretch\" aria-live=\"off\">\n\t\t\t\t\t\t\t\t<div class=\"swiper-slide\" role=\"group\" aria-roledescription=\"slide\" aria-label=\"1 of 19\"><a data-elementor-open-lightbox=\"yes\" data-elementor-lightbox-slideshow=\"f18ae6d\" data-elementor-lightbox-title=\"schauspiel-heidelberg-schuld-1\" data-e-action-hash=\"#elementor-action%3Aaction%3Dlightbox%26settings%3DeyJpZCI6MTYwNSwidXJsIjoiaHR0cHM6XC9cL3d3dy5jbGF1ZGlhbW9lYml1cy5kZVwvd3AtY29udGVudFwvdXBsb2Fkc1wvc2NoYXVzcGllbC1oZWlkZWxiZXJnLXNjaHVsZC0xLmpwZyIsInNsaWRlc2hvdyI6ImYxOGFlNmQifQ%3D%3D\" href=\"https:\/\/www.claudiamoebius.de\/wp-content\/uploads\/schauspiel-heidelberg-schuld-1.jpg\"><figure class=\"swiper-slide-inner\"><img decoding=\"async\" class=\"swiper-slide-image\" src=\"https:\/\/www.claudiamoebius.de\/wp-content\/uploads\/schauspiel-heidelberg-schuld-1.jpg\" alt=\"&quot;Schuld und S\u00fchne&quot;, \/ &quot;crime and punishment&quot;Theater Heidelberg\" \/><figcaption class=\"elementor-image-carousel-caption\">schauspiel-heidelberg-schuld-1<\/figcaption><\/figure><\/a><\/div><div class=\"swiper-slide\" role=\"group\" aria-roledescription=\"slide\" aria-label=\"2 of 19\"><a data-elementor-open-lightbox=\"yes\" data-elementor-lightbox-slideshow=\"f18ae6d\" data-elementor-lightbox-title=\"schauspiel-heidelberg-schuld\" data-e-action-hash=\"#elementor-action%3Aaction%3Dlightbox%26settings%3DeyJpZCI6MTYwNiwidXJsIjoiaHR0cHM6XC9cL3d3dy5jbGF1ZGlhbW9lYml1cy5kZVwvd3AtY29udGVudFwvdXBsb2Fkc1wvc2NoYXVzcGllbC1oZWlkZWxiZXJnLXNjaHVsZC5qcGciLCJzbGlkZXNob3ciOiJmMThhZTZkIn0%3D\" href=\"https:\/\/www.claudiamoebius.de\/wp-content\/uploads\/schauspiel-heidelberg-schuld.jpg\"><figure class=\"swiper-slide-inner\"><img decoding=\"async\" class=\"swiper-slide-image\" src=\"https:\/\/www.claudiamoebius.de\/wp-content\/uploads\/schauspiel-heidelberg-schuld.jpg\" alt=\"M\u00d6BIUS KOS\u00dcM Entwurf Rasumichin, &quot;Schuld und S\u00fchne &quot; Schauspiel Theater Heidelberg\" \/><figcaption class=\"elementor-image-carousel-caption\">schauspiel-heidelberg-schuld<\/figcaption><\/figure><\/a><\/div><div class=\"swiper-slide\" role=\"group\" aria-roledescription=\"slide\" aria-label=\"3 of 19\"><a data-elementor-open-lightbox=\"yes\" data-elementor-lightbox-slideshow=\"f18ae6d\" data-elementor-lightbox-title=\"OLYMPUS DIGITAL CAMERA\" data-e-action-hash=\"#elementor-action%3Aaction%3Dlightbox%26settings%3DeyJpZCI6MTYwNywidXJsIjoiaHR0cHM6XC9cL3d3dy5jbGF1ZGlhbW9lYml1cy5kZVwvd3AtY29udGVudFwvdXBsb2Fkc1wvc2NoYXVzcGllbC1rb2JsZW56LTEuanBnIiwic2xpZGVzaG93IjoiZjE4YWU2ZCJ9\" href=\"https:\/\/www.claudiamoebius.de\/wp-content\/uploads\/schauspiel-koblenz-1.jpg\"><figure class=\"swiper-slide-inner\"><img decoding=\"async\" class=\"swiper-slide-image\" src=\"https:\/\/www.claudiamoebius.de\/wp-content\/uploads\/schauspiel-koblenz-1.jpg\" alt=\"M\u00d6BIUS KOST\u00dcM  f\u00fcr Theater Koblenz\" \/><figcaption class=\"elementor-image-carousel-caption\">OLYMPUS DIGITAL CAMERA<\/figcaption><\/figure><\/a><\/div><div class=\"swiper-slide\" role=\"group\" aria-roledescription=\"slide\" aria-label=\"4 of 19\"><a data-elementor-open-lightbox=\"yes\" data-elementor-lightbox-slideshow=\"f18ae6d\" data-elementor-lightbox-title=\"OLYMPUS DIGITAL CAMERA\" data-e-action-hash=\"#elementor-action%3Aaction%3Dlightbox%26settings%3DeyJpZCI6MTYwOCwidXJsIjoiaHR0cHM6XC9cL3d3dy5jbGF1ZGlhbW9lYml1cy5kZVwvd3AtY29udGVudFwvdXBsb2Fkc1wvc2NoYXVzcGllbC1rb2JsZW56LTIuanBnIiwic2xpZGVzaG93IjoiZjE4YWU2ZCJ9\" href=\"https:\/\/www.claudiamoebius.de\/wp-content\/uploads\/schauspiel-koblenz-2.jpg\"><figure class=\"swiper-slide-inner\"><img decoding=\"async\" class=\"swiper-slide-image\" src=\"https:\/\/www.claudiamoebius.de\/wp-content\/uploads\/schauspiel-koblenz-2.jpg\" alt=\"M\u00d6BIUS KOST\u00dcM  f\u00fcr Theater Koblenz\" \/><figcaption class=\"elementor-image-carousel-caption\">OLYMPUS DIGITAL CAMERA<\/figcaption><\/figure><\/a><\/div><div class=\"swiper-slide\" role=\"group\" aria-roledescription=\"slide\" aria-label=\"5 of 19\"><a data-elementor-open-lightbox=\"yes\" data-elementor-lightbox-slideshow=\"f18ae6d\" data-elementor-lightbox-title=\"schauspiel-staatstheater-kindertransport-1\" data-e-action-hash=\"#elementor-action%3Aaction%3Dlightbox%26settings%3DeyJpZCI6MTYyNSwidXJsIjoiaHR0cHM6XC9cL3d3dy5jbGF1ZGlhbW9lYml1cy5kZVwvd3AtY29udGVudFwvdXBsb2Fkc1wvc2NoYXVzcGllbC1zdGFhdHN0aGVhdGVyLWtpbmRlcnRyYW5zcG9ydC0xLmpwZyIsInNsaWRlc2hvdyI6ImYxOGFlNmQifQ%3D%3D\" href=\"https:\/\/www.claudiamoebius.de\/wp-content\/uploads\/schauspiel-staatstheater-kindertransport-1.jpg\"><figure class=\"swiper-slide-inner\"><img decoding=\"async\" class=\"swiper-slide-image\" src=\"https:\/\/www.claudiamoebius.de\/wp-content\/uploads\/schauspiel-staatstheater-kindertransport-1.jpg\" alt=\"Regie Daniel Karasek, Staatstheater Wiesbaden, &quot;Kindertransport&quot; M\u00d6BIUS KOST\u00dcM\" \/><figcaption class=\"elementor-image-carousel-caption\">schauspiel-staatstheater-kindertransport-1<\/figcaption><\/figure><\/a><\/div><div class=\"swiper-slide\" role=\"group\" aria-roledescription=\"slide\" aria-label=\"6 of 19\"><a data-elementor-open-lightbox=\"yes\" data-elementor-lightbox-slideshow=\"f18ae6d\" data-elementor-lightbox-title=\"schauspiel-staatstheater-kindertransport-2\" data-e-action-hash=\"#elementor-action%3Aaction%3Dlightbox%26settings%3DeyJpZCI6MTYyNiwidXJsIjoiaHR0cHM6XC9cL3d3dy5jbGF1ZGlhbW9lYml1cy5kZVwvd3AtY29udGVudFwvdXBsb2Fkc1wvc2NoYXVzcGllbC1zdGFhdHN0aGVhdGVyLWtpbmRlcnRyYW5zcG9ydC0yLmpwZyIsInNsaWRlc2hvdyI6ImYxOGFlNmQifQ%3D%3D\" href=\"https:\/\/www.claudiamoebius.de\/wp-content\/uploads\/schauspiel-staatstheater-kindertransport-2.jpg\"><figure class=\"swiper-slide-inner\"><img decoding=\"async\" class=\"swiper-slide-image\" src=\"https:\/\/www.claudiamoebius.de\/wp-content\/uploads\/schauspiel-staatstheater-kindertransport-2.jpg\" alt=\"Regie Daniel Karasek, Staatstheater Wiesbaden, &quot;Kindertransport&quot; M\u00d6BIUS KOST\u00dcM\" \/><figcaption class=\"elementor-image-carousel-caption\">schauspiel-staatstheater-kindertransport-2<\/figcaption><\/figure><\/a><\/div><div class=\"swiper-slide\" role=\"group\" aria-roledescription=\"slide\" aria-label=\"7 of 19\"><a data-elementor-open-lightbox=\"yes\" data-elementor-lightbox-slideshow=\"f18ae6d\" data-elementor-lightbox-title=\"schauspiel-staatstheater-kindertransport-3\" data-e-action-hash=\"#elementor-action%3Aaction%3Dlightbox%26settings%3DeyJpZCI6MTYyNywidXJsIjoiaHR0cHM6XC9cL3d3dy5jbGF1ZGlhbW9lYml1cy5kZVwvd3AtY29udGVudFwvdXBsb2Fkc1wvc2NoYXVzcGllbC1zdGFhdHN0aGVhdGVyLWtpbmRlcnRyYW5zcG9ydC0zLmpwZyIsInNsaWRlc2hvdyI6ImYxOGFlNmQifQ%3D%3D\" href=\"https:\/\/www.claudiamoebius.de\/wp-content\/uploads\/schauspiel-staatstheater-kindertransport-3.jpg\"><figure class=\"swiper-slide-inner\"><img decoding=\"async\" class=\"swiper-slide-image\" src=\"https:\/\/www.claudiamoebius.de\/wp-content\/uploads\/schauspiel-staatstheater-kindertransport-3.jpg\" alt=\"Regie Daniel Karasek, Staatstheater Wiesbaden, &quot;Kindertransport&quot; M\u00d6BIUS KOST\u00dcM\" \/><figcaption class=\"elementor-image-carousel-caption\">schauspiel-staatstheater-kindertransport-3<\/figcaption><\/figure><\/a><\/div><div class=\"swiper-slide\" role=\"group\" aria-roledescription=\"slide\" aria-label=\"8 of 19\"><a data-elementor-open-lightbox=\"yes\" data-elementor-lightbox-slideshow=\"f18ae6d\" data-elementor-lightbox-title=\"schauspiel-staatstheater-kindertransport\" data-e-action-hash=\"#elementor-action%3Aaction%3Dlightbox%26settings%3DeyJpZCI6MTYyOCwidXJsIjoiaHR0cHM6XC9cL3d3dy5jbGF1ZGlhbW9lYml1cy5kZVwvd3AtY29udGVudFwvdXBsb2Fkc1wvc2NoYXVzcGllbC1zdGFhdHN0aGVhdGVyLWtpbmRlcnRyYW5zcG9ydC5qcGciLCJzbGlkZXNob3ciOiJmMThhZTZkIn0%3D\" href=\"https:\/\/www.claudiamoebius.de\/wp-content\/uploads\/schauspiel-staatstheater-kindertransport.jpg\"><figure class=\"swiper-slide-inner\"><img decoding=\"async\" class=\"swiper-slide-image\" src=\"https:\/\/www.claudiamoebius.de\/wp-content\/uploads\/schauspiel-staatstheater-kindertransport.jpg\" alt=\"Regie Daniel Karasek, Staatstheater Wiesbaden, &quot;Kindertransport&quot; M\u00d6BIUS KOST\u00dcM\" \/><figcaption class=\"elementor-image-carousel-caption\">schauspiel-staatstheater-kindertransport<\/figcaption><\/figure><\/a><\/div><div class=\"swiper-slide\" role=\"group\" aria-roledescription=\"slide\" aria-label=\"9 of 19\"><a data-elementor-open-lightbox=\"yes\" data-elementor-lightbox-slideshow=\"f18ae6d\" data-elementor-lightbox-title=\"Entwurf LEO\" data-e-action-hash=\"#elementor-action%3Aaction%3Dlightbox%26settings%3DeyJpZCI6MjQ3OCwidXJsIjoiaHR0cHM6XC9cL3d3dy5jbGF1ZGlhbW9lYml1cy5kZVwvd3AtY29udGVudFwvdXBsb2Fkc1wvRW50d3VyZi1MRU8tc2NhbGVkLmpwZWciLCJzbGlkZXNob3ciOiJmMThhZTZkIn0%3D\" href=\"https:\/\/www.claudiamoebius.de\/wp-content\/uploads\/Entwurf-LEO-scaled.jpeg\"><figure class=\"swiper-slide-inner\"><img decoding=\"async\" class=\"swiper-slide-image\" src=\"https:\/\/www.claudiamoebius.de\/wp-content\/uploads\/Entwurf-LEO-768x1074.jpeg\" alt=\"Entwurf LEO\" \/><figcaption class=\"elementor-image-carousel-caption\">Entwurf LEO<\/figcaption><\/figure><\/a><\/div><div class=\"swiper-slide\" role=\"group\" aria-roledescription=\"slide\" aria-label=\"10 of 19\"><a data-elementor-open-lightbox=\"yes\" data-elementor-lightbox-slideshow=\"f18ae6d\" data-elementor-lightbox-title=\"schauspiel-staatstheater-boxer-1\" data-e-action-hash=\"#elementor-action%3Aaction%3Dlightbox%26settings%3DeyJpZCI6MTYyMSwidXJsIjoiaHR0cHM6XC9cL3d3dy5jbGF1ZGlhbW9lYml1cy5kZVwvd3AtY29udGVudFwvdXBsb2Fkc1wvc2NoYXVzcGllbC1zdGFhdHN0aGVhdGVyLWJveGVyLTEuanBnIiwic2xpZGVzaG93IjoiZjE4YWU2ZCJ9\" href=\"https:\/\/www.claudiamoebius.de\/wp-content\/uploads\/schauspiel-staatstheater-boxer-1.jpg\"><figure class=\"swiper-slide-inner\"><img decoding=\"async\" class=\"swiper-slide-image\" src=\"https:\/\/www.claudiamoebius.de\/wp-content\/uploads\/schauspiel-staatstheater-boxer-1.jpg\" alt=\"hessisches Staatstheater Wiesbaden, Entwurf &quot;LEO&quot;,&quot;das Herz eines Boxers&quot;\" \/><figcaption class=\"elementor-image-carousel-caption\">schauspiel-staatstheater-boxer-1<\/figcaption><\/figure><\/a><\/div><div class=\"swiper-slide\" role=\"group\" aria-roledescription=\"slide\" aria-label=\"11 of 19\"><a data-elementor-open-lightbox=\"yes\" data-elementor-lightbox-slideshow=\"f18ae6d\" data-elementor-lightbox-title=\"hessisches Staatstheater Wiesbaden 2002\" data-e-action-hash=\"#elementor-action%3Aaction%3Dlightbox%26settings%3DeyJpZCI6MjQ4MCwidXJsIjoiaHR0cHM6XC9cL3d3dy5jbGF1ZGlhbW9lYml1cy5kZVwvd3AtY29udGVudFwvdXBsb2Fkc1wvaGVzc2lzY2hlcy1TdGFhdHN0aGVhdGVyLVdpZXNiYWRlbi0yMDAyLmpwZWciLCJzbGlkZXNob3ciOiJmMThhZTZkIn0%3D\" href=\"https:\/\/www.claudiamoebius.de\/wp-content\/uploads\/hessisches-Staatstheater-Wiesbaden-2002.jpeg\"><figure class=\"swiper-slide-inner\"><img decoding=\"async\" class=\"swiper-slide-image\" src=\"https:\/\/www.claudiamoebius.de\/wp-content\/uploads\/hessisches-Staatstheater-Wiesbaden-2002-768x530.jpeg\" alt=\"hessisches Staatstheater Wiesbaden 2002\" \/><figcaption class=\"elementor-image-carousel-caption\">hessisches Staatstheater Wiesbaden 2002<\/figcaption><\/figure><\/a><\/div><div class=\"swiper-slide\" role=\"group\" aria-roledescription=\"slide\" aria-label=\"12 of 19\"><a data-elementor-open-lightbox=\"yes\" data-elementor-lightbox-slideshow=\"f18ae6d\" data-elementor-lightbox-title=\"kleines Haus\" data-e-action-hash=\"#elementor-action%3Aaction%3Dlightbox%26settings%3DeyJpZCI6MjQ4MiwidXJsIjoiaHR0cHM6XC9cL3d3dy5jbGF1ZGlhbW9lYml1cy5kZVwvd3AtY29udGVudFwvdXBsb2Fkc1wva2xlaW5lcy1IYXVzLmpwZWciLCJzbGlkZXNob3ciOiJmMThhZTZkIn0%3D\" href=\"https:\/\/www.claudiamoebius.de\/wp-content\/uploads\/kleines-Haus.jpeg\"><figure class=\"swiper-slide-inner\"><img decoding=\"async\" class=\"swiper-slide-image\" src=\"https:\/\/www.claudiamoebius.de\/wp-content\/uploads\/kleines-Haus-768x528.jpeg\" alt=\"kleines Haus\" \/><figcaption class=\"elementor-image-carousel-caption\">kleines Haus<\/figcaption><\/figure><\/a><\/div><div class=\"swiper-slide\" role=\"group\" aria-roledescription=\"slide\" aria-label=\"13 of 19\"><a data-elementor-open-lightbox=\"yes\" data-elementor-lightbox-slideshow=\"f18ae6d\" data-elementor-lightbox-title=\"Kost\u00fcm+Maske, M\u00d6BIUS KOST\u00dcM\" data-e-action-hash=\"#elementor-action%3Aaction%3Dlightbox%26settings%3DeyJpZCI6MjQ4NCwidXJsIjoiaHR0cHM6XC9cL3d3dy5jbGF1ZGlhbW9lYml1cy5kZVwvd3AtY29udGVudFwvdXBsb2Fkc1wvS29zdHVlbU1hc2tlLU1PZUJJVVMtS09TVFVlTS5qcGVnIiwic2xpZGVzaG93IjoiZjE4YWU2ZCJ9\" href=\"https:\/\/www.claudiamoebius.de\/wp-content\/uploads\/KostuemMaske-MOeBIUS-KOSTUeM.jpeg\"><figure class=\"swiper-slide-inner\"><img decoding=\"async\" class=\"swiper-slide-image\" src=\"https:\/\/www.claudiamoebius.de\/wp-content\/uploads\/KostuemMaske-MOeBIUS-KOSTUeM-768x1132.jpeg\" alt=\"Kost\u00fcm+Maske, M\u00d6BIUS KOST\u00dcM\" \/><figcaption class=\"elementor-image-carousel-caption\">Kost\u00fcm+Maske, M\u00d6BIUS KOST\u00dcM<\/figcaption><\/figure><\/a><\/div><div class=\"swiper-slide\" role=\"group\" aria-roledescription=\"slide\" aria-label=\"14 of 19\"><a data-elementor-open-lightbox=\"yes\" data-elementor-lightbox-slideshow=\"f18ae6d\" data-elementor-lightbox-title=\"&quot;das Herz eines Boxers&quot;\" data-e-action-hash=\"#elementor-action%3Aaction%3Dlightbox%26settings%3DeyJpZCI6MjQ4NiwidXJsIjoiaHR0cHM6XC9cL3d3dy5jbGF1ZGlhbW9lYml1cy5kZVwvd3AtY29udGVudFwvdXBsb2Fkc1wvXHVmMDIwZGFzLUhlcnotZWluZXMtQm94ZXJzXHVmMDIwLS1zY2FsZWQuanBlZyIsInNsaWRlc2hvdyI6ImYxOGFlNmQifQ%3D%3D\" href=\"https:\/\/www.claudiamoebius.de\/wp-content\/uploads\/\uf020das-Herz-eines-Boxers\uf020--scaled.jpeg\"><figure class=\"swiper-slide-inner\"><img decoding=\"async\" class=\"swiper-slide-image\" src=\"https:\/\/www.claudiamoebius.de\/wp-content\/uploads\/\uf020das-Herz-eines-Boxers\uf020--768x1109.jpeg\" alt=\"&quot;das Herz eines Boxers&quot;\" \/><figcaption class=\"elementor-image-carousel-caption\">\"das Herz eines Boxers\"<\/figcaption><\/figure><\/a><\/div><div class=\"swiper-slide\" role=\"group\" aria-roledescription=\"slide\" aria-label=\"15 of 19\"><a data-elementor-open-lightbox=\"yes\" data-elementor-lightbox-slideshow=\"f18ae6d\" data-elementor-lightbox-title=\"SHAKESPEARE &quot;was ihr wollt&quot;\" data-e-action-hash=\"#elementor-action%3Aaction%3Dlightbox%26settings%3DeyJpZCI6MjQ5MCwidXJsIjoiaHR0cHM6XC9cL3d3dy5jbGF1ZGlhbW9lYml1cy5kZVwvd3AtY29udGVudFwvdXBsb2Fkc1wvU0hBS0VTUEVBUkVcdWYwMjB3YXMtaWhyLXdvbGx0XHVmMDIwLmpwZyIsInNsaWRlc2hvdyI6ImYxOGFlNmQifQ%3D%3D\" href=\"https:\/\/www.claudiamoebius.de\/wp-content\/uploads\/SHAKESPEARE\uf020was-ihr-wollt\uf020.jpg\"><figure class=\"swiper-slide-inner\"><img decoding=\"async\" class=\"swiper-slide-image\" src=\"https:\/\/www.claudiamoebius.de\/wp-content\/uploads\/SHAKESPEARE\uf020was-ihr-wollt\uf020-768x1025.jpg\" alt=\"SHAKESPEARE &quot;was ihr wollt&quot;\" \/><figcaption class=\"elementor-image-carousel-caption\">SHAKESPEARE \"was ihr wollt\"<\/figcaption><\/figure><\/a><\/div><div class=\"swiper-slide\" role=\"group\" aria-roledescription=\"slide\" aria-label=\"16 of 19\"><a data-elementor-open-lightbox=\"yes\" data-elementor-lightbox-slideshow=\"f18ae6d\" data-elementor-lightbox-title=\"SHAKESPEARE &quot;what you wIll&quot; at Potsdam Belvedere\" data-e-action-hash=\"#elementor-action%3Aaction%3Dlightbox%26settings%3DeyJpZCI6MjQ5MiwidXJsIjoiaHR0cHM6XC9cL3d3dy5jbGF1ZGlhbW9lYml1cy5kZVwvd3AtY29udGVudFwvdXBsb2Fkc1wvU0hBS0VTUEVBUkVcdWYwMjB3aGF0LXlvdS13SWxsXHVmMDIwLWF0LVBvdHNkYW0tQmVsdmVkZXJlLmpwZyIsInNsaWRlc2hvdyI6ImYxOGFlNmQifQ%3D%3D\" href=\"https:\/\/www.claudiamoebius.de\/wp-content\/uploads\/SHAKESPEARE\uf020what-you-wIll\uf020-at-Potsdam-Belvedere.jpg\"><figure class=\"swiper-slide-inner\"><img decoding=\"async\" class=\"swiper-slide-image\" src=\"https:\/\/www.claudiamoebius.de\/wp-content\/uploads\/SHAKESPEARE\uf020what-you-wIll\uf020-at-Potsdam-Belvedere.jpg\" alt=\"SHAKESPEARE &quot;what you wIll&quot; at Potsdam Belvedere\" \/><figcaption class=\"elementor-image-carousel-caption\">SHAKESPEARE \"what you wIll\" at Potsdam Belvedere<\/figcaption><\/figure><\/a><\/div><div class=\"swiper-slide\" role=\"group\" aria-roledescription=\"slide\" aria-label=\"17 of 19\"><a data-elementor-open-lightbox=\"yes\" data-elementor-lightbox-slideshow=\"f18ae6d\" data-elementor-lightbox-title=\"SHAKESPEARE &quot;what you wIll&quot;\" data-e-action-hash=\"#elementor-action%3Aaction%3Dlightbox%26settings%3DeyJpZCI6MjQ5NCwidXJsIjoiaHR0cHM6XC9cL3d3dy5jbGF1ZGlhbW9lYml1cy5kZVwvd3AtY29udGVudFwvdXBsb2Fkc1wvU0hBS0VTUEVBUkVcdWYwMjB3aGF0LXlvdS13SWxsXHVmMDIwLmpwZyIsInNsaWRlc2hvdyI6ImYxOGFlNmQifQ%3D%3D\" href=\"https:\/\/www.claudiamoebius.de\/wp-content\/uploads\/SHAKESPEARE\uf020what-you-wIll\uf020.jpg\"><figure class=\"swiper-slide-inner\"><img decoding=\"async\" class=\"swiper-slide-image\" src=\"https:\/\/www.claudiamoebius.de\/wp-content\/uploads\/SHAKESPEARE\uf020what-you-wIll\uf020-768x935.jpg\" alt=\"SHAKESPEARE &quot;what you wIll&quot;\" \/><figcaption class=\"elementor-image-carousel-caption\">SHAKESPEARE \"what you wIll\"<\/figcaption><\/figure><\/a><\/div><div class=\"swiper-slide\" role=\"group\" aria-roledescription=\"slide\" aria-label=\"18 of 19\"><a data-elementor-open-lightbox=\"yes\" data-elementor-lightbox-slideshow=\"f18ae6d\" data-elementor-lightbox-title=\"schauspiel-sommernachtstraum-3\" data-e-action-hash=\"#elementor-action%3Aaction%3Dlightbox%26settings%3DeyJpZCI6MTYxMywidXJsIjoiaHR0cHM6XC9cL3d3dy5jbGF1ZGlhbW9lYml1cy5kZVwvd3AtY29udGVudFwvdXBsb2Fkc1wvc2NoYXVzcGllbC1zb21tZXJuYWNodHN0cmF1bS0zLmpwZyIsInNsaWRlc2hvdyI6ImYxOGFlNmQifQ%3D%3D\" href=\"https:\/\/www.claudiamoebius.de\/wp-content\/uploads\/schauspiel-sommernachtstraum-3.jpg\"><figure class=\"swiper-slide-inner\"><img decoding=\"async\" class=\"swiper-slide-image\" src=\"https:\/\/www.claudiamoebius.de\/wp-content\/uploads\/schauspiel-sommernachtstraum-3.jpg\" alt=\"Shakespeare\u00b4s &quot;a midsummernight\u00b4s dream&quot; , Oberon by M\u00d6BIUS LKOST\u00dcM\" \/><figcaption class=\"elementor-image-carousel-caption\">schauspiel-sommernachtstraum-3<\/figcaption><\/figure><\/a><\/div><div class=\"swiper-slide\" role=\"group\" aria-roledescription=\"slide\" aria-label=\"19 of 19\"><a data-elementor-open-lightbox=\"yes\" data-elementor-lightbox-slideshow=\"f18ae6d\" data-elementor-lightbox-title=\"Arbeitsfoto zu Shakespeare\" data-e-action-hash=\"#elementor-action%3Aaction%3Dlightbox%26settings%3DeyJpZCI6MjQ4OCwidXJsIjoiaHR0cHM6XC9cL3d3dy5jbGF1ZGlhbW9lYml1cy5kZVwvd3AtY29udGVudFwvdXBsb2Fkc1wvQXJiZWl0c2ZvdG8tenUtU2hha2VzcGVhcmUtc2NhbGVkLmpwZyIsInNsaWRlc2hvdyI6ImYxOGFlNmQifQ%3D%3D\" href=\"https:\/\/www.claudiamoebius.de\/wp-content\/uploads\/Arbeitsfoto-zu-Shakespeare-scaled.jpg\"><figure class=\"swiper-slide-inner\"><img decoding=\"async\" class=\"swiper-slide-image\" src=\"https:\/\/www.claudiamoebius.de\/wp-content\/uploads\/Arbeitsfoto-zu-Shakespeare-768x1115.jpg\" alt=\"Arbeitsfoto zu Shakespeare\" \/><figcaption class=\"elementor-image-carousel-caption\">Arbeitsfoto zu Shakespeare<\/figcaption><\/figure><\/a><\/div>\t\t\t<\/div>\n\t\t\t\t\t\t\t\t\t\t\t\t<div class=\"elementor-swiper-button elementor-swiper-button-prev\" role=\"button\" tabindex=\"0\">\n\t\t\t\t\t\t<i aria-hidden=\"true\" class=\"eicon-chevron-left\"><\/i>\t\t\t\t\t<\/div>\n\t\t\t\t\t<div class=\"elementor-swiper-button elementor-swiper-button-next\" role=\"button\" tabindex=\"0\">\n\t\t\t\t\t\t<i aria-hidden=\"true\" class=\"eicon-chevron-right\"><\/i>\t\t\t\t\t<\/div>\n\t\t\t\t\n\t\t\t\t\t\t\t\t\t<\/div>\n\t\t\t\t\t\t<\/div>\n\t\t\t\t<\/div>\n\t\t\t\t\t<\/div>\n\t\t<\/div>\n\t\t\t\t\t<\/div>\n\t\t<\/section>\n\t\t\t\t\t<\/div>\n\t\t<\/div>\n\t\t\t\t\t<\/div>\n\t\t<\/section>\n\t\t\t\t<\/div>\n\t\t","protected":false},"excerpt":{"rendered":"<p>&#8220;Schuld und S\u00fchne&#8221;, \/ &#8220;crime and punishment&#8221;Theater Heidelberg M\u00d6BIUS KOS\u00dcM Entwurf Rasumichin, &#8220;Schuld und S\u00fchne &#8221; Schauspiel Theater Heidelberg M\u00d6BIUS KOST\u00dcM f\u00fcr Theater Koblenz M\u00d6BIUS KOST\u00dcM f\u00fcr Theater Koblenz Regie Daniel Karasek, Staatstheater Wiesbaden, &#8220;Kindertransport&#8221; M\u00d6BIUS KOST\u00dcM Regie Daniel Karasek, Staatstheater Wiesbaden, &#8220;Kindertransport&#8221; M\u00d6BIUS KOST\u00dcM Regie Daniel Karasek, Staatstheater Wiesbaden, &#8220;Kindertransport&#8221; M\u00d6BIUS KOST\u00dcM Regie Daniel [&hellip;]<\/p>\n","protected":false},"author":1,"featured_media":0,"parent":0,"menu_order":0,"comment_status":"closed","ping_status":"closed","template":"elementor_header_footer","meta":{"footnotes":""},"class_list":["post-2162","page","type-page","status-publish","hentry"],"_links":{"self":[{"href":"https:\/\/www.claudiamoebius.de\/en\/wp-json\/wp\/v2\/pages\/2162","targetHints":{"allow":["GET"]}}],"collection":[{"href":"https:\/\/www.claudiamoebius.de\/en\/wp-json\/wp\/v2\/pages"}],"about":[{"href":"https:\/\/www.claudiamoebius.de\/en\/wp-json\/wp\/v2\/types\/page"}],"author":[{"embeddable":true,"href":"https:\/\/www.claudiamoebius.de\/en\/wp-json\/wp\/v2\/users\/1"}],"replies":[{"embeddable":true,"href":"https:\/\/www.claudiamoebius.de\/en\/wp-json\/wp\/v2\/comments?post=2162"}],"version-history":[{"count":11,"href":"https:\/\/www.claudiamoebius.de\/en\/wp-json\/wp\/v2\/pages\/2162\/revisions"}],"predecessor-version":[{"id":2871,"href":"https:\/\/www.claudiamoebius.de\/en\/wp-json\/wp\/v2\/pages\/2162\/revisions\/2871"}],"wp:attachment":[{"href":"https:\/\/www.claudiamoebius.de\/en\/wp-json\/wp\/v2\/media?parent=2162"}],"curies":[{"name":"wp","href":"https:\/\/api.w.org\/{rel}","templated":true}]}}